{"id":28,"date":"2025-04-23T13:45:35","date_gmt":"2025-04-23T13:45:35","guid":{"rendered":"https:\/\/dibasan.com.tr\/?page_id=28"},"modified":"2025-04-23T14:57:47","modified_gmt":"2025-04-23T14:57:47","slug":"performans-fren-diski","status":"publish","type":"page","link":"https:\/\/dibasan.com.tr\/index.php\/performans-fren-diski\/","title":{"rendered":"Performans Fren Diski"},"content":{"rendered":"\n<h2 class=\"wp-block-heading\">Fren Diski Nedir<\/h2>\n\n\n\n<p>Fren diskleri tekerleklerin i\u00e7inde bulunan, fren balatalar\u0131n\u0131n \u00e7o\u011funlukla hidrolik destek ile beraber frenleme i\u00e7in yakalad\u0131\u011f\u0131 par\u00e7alard\u0131r. Dairesel bir yap\u0131ya sahiptir ve jant\u0131n i\u00e7 k\u0131sm\u0131nda g\u00f6r\u00fclebilirler. Frene bas\u0131ld\u0131\u011f\u0131nda kaliper i\u00e7indeki fren balatalar\u0131 diski iki taraftan s\u0131kmaya ba\u015flar. Otomobillerde kullan\u0131lan kaliper sistemi sayesinde jant ve balatalar birbirinden soyutlan\u0131r. Bu sayede a\u015f\u0131nan par\u00e7a de\u011fi\u015ftirmesi kolay bir par\u00e7a olan fren diski olur.<\/p>\n\n\n\n<figure class=\"wp-block-image size-full is-resized\"><img loading=\"lazy\" decoding=\"async\" width=\"1000\" height=\"667\" src=\"https:\/\/dibasan.com.tr\/wp-content\/uploads\/2025\/04\/PERF.png\" alt=\"\" class=\"wp-image-31\" style=\"width:513px;height:auto\" srcset=\"https:\/\/dibasan.com.tr\/wp-content\/uploads\/2025\/04\/PERF.png 1000w, https:\/\/dibasan.com.tr\/wp-content\/uploads\/2025\/04\/PERF-300x200.png 300w, https:\/\/dibasan.com.tr\/wp-content\/uploads\/2025\/04\/PERF-768x512.png 768w\" sizes=\"auto, (max-width: 1000px) 100vw, 1000px\" \/><\/figure>\n\n\n\n<h2 class=\"wp-block-heading\">Delikli Performans Fren Diski<\/h2>\n\n\n\n<p>Fren diskleri malzeme olarak \u00e7o\u011funlukla metalleri ve ala\u015f\u0131mlar\u0131 kullan\u0131rlar. Binek otomobillerde perlitik gri d\u00f6kme demir kullan\u0131l\u0131rken spor otomobillerde seramik frenlere yer verilebilmektedir. Ancak durum bu kadarla kalm\u0131yor ve fren diskinin fiziksel yap\u0131s\u0131n\u0131 da de\u011fi\u015ftirmek gerekebiliyor. Metaller \u00e7abuk \u0131s\u0131nan ve \u00e7abuk so\u011fuyan yap\u0131lara sahiptirler. \u00c7abuk so\u011fumas\u0131 istenen fren performans\u0131 i\u00e7in \u00f6nemli bir durum olsa bile, \u0131s\u0131nan fren diskleri fren balatalar\u0131n\u0131n g\u00f6revini yapmas\u0131n\u0131n \u00f6n\u00fcne ge\u00e7ebilir. Bu y\u00fczden fren diskleri \u00fczerinde a\u00e7\u0131lan delikler ve kanal benzeri yap\u0131lar metalin \u00e7abuk \u0131s\u0131n\u0131p daha da \u00e7abuk so\u011fumas\u0131n\u0131 sa\u011flar. Bununla beraber hava ak\u0131\u015fkan\u0131n\u0131n delik \u00e7evrelerinde t\u00fcrb\u00fclans benzeri etki yaratmas\u0131 bu i\u015fi kolayla\u015ft\u0131r\u0131r.<\/p>\n\n\n\n<p><\/p>\n","protected":false},"excerpt":{"rendered":"<p>Fren Diski Nedir Fren diskleri tekerleklerin i\u00e7inde bulunan, fren balatalar\u0131n\u0131n \u00e7o\u011funlukla hidrolik destek ile beraber frenleme i\u00e7in yakalad\u0131\u011f\u0131 par\u00e7alard\u0131r. Dairesel bir yap\u0131ya sahiptir ve jant\u0131n i\u00e7 k\u0131sm\u0131nda g\u00f6r\u00fclebilirler. Frene bas\u0131ld\u0131\u011f\u0131nda kaliper i\u00e7indeki fren balatalar\u0131 diski iki taraftan s\u0131kmaya ba\u015flar. Otomobillerde kullan\u0131lan kaliper sistemi sayesinde jant ve balatalar birbirinden soyutlan\u0131r. Bu sayede a\u015f\u0131nan par\u00e7a de\u011fi\u015ftirmesi kolay [&hellip;]<\/p>\n","protected":false},"author":1,"featured_media":0,"parent":0,"menu_order":0,"comment_status":"closed","ping_status":"closed","template":"","meta":{"footnotes":""},"class_list":["post-28","page","type-page","status-publish","hentry"],"_links":{"self":[{"href":"https:\/\/dibasan.com.tr\/index.php\/wp-json\/wp\/v2\/pages\/28","targetHints":{"allow":["GET"]}}],"collection":[{"href":"https:\/\/dibasan.com.tr\/index.php\/wp-json\/wp\/v2\/pages"}],"about":[{"href":"https:\/\/dibasan.com.tr\/index.php\/wp-json\/wp\/v2\/types\/page"}],"author":[{"embeddable":true,"href":"https:\/\/dibasan.com.tr\/index.php\/wp-json\/wp\/v2\/users\/1"}],"replies":[{"embeddable":true,"href":"https:\/\/dibasan.com.tr\/index.php\/wp-json\/wp\/v2\/comments?post=28"}],"version-history":[{"count":5,"href":"https:\/\/dibasan.com.tr\/index.php\/wp-json\/wp\/v2\/pages\/28\/revisions"}],"predecessor-version":[{"id":36,"href":"https:\/\/dibasan.com.tr\/index.php\/wp-json\/wp\/v2\/pages\/28\/revisions\/36"}],"wp:attachment":[{"href":"https:\/\/dibasan.com.tr\/index.php\/wp-json\/wp\/v2\/media?parent=28"}],"curies":[{"name":"wp","href":"https:\/\/api.w.org\/{rel}","templated":true}]}}